{"id":479,"date":"2016-04-13T17:46:38","date_gmt":"2016-04-13T15:46:38","guid":{"rendered":"http:\/\/vossbur.n10.cloudware.de\/?page_id=479"},"modified":"2024-02-05T21:05:08","modified_gmt":"2024-02-05T20:05:08","slug":"herzlich-willkommen","status":"publish","type":"page","link":"https:\/\/vossbur.de\/en\/","title":{"rendered":"Herzlich WILLKOMMEN!"},"content":{"rendered":"<p>&nbsp;<\/p>\n<p>Liebe G\u00e4ste und Freunde,<\/p>\n<p>Herzlich Willkommen im Gasthof Vossbur am Nordrand der L\u00fcneburger Heide!<\/p>\n<p>Seit dem Jahre 1919 wird der Gasthof Vossbur von der Familie Niehoff mit Herzblut gef\u00fchrt und vereint traditionelle Gastlichkeit eines Familienbetriebes<br \/>\nmit einer individuellen und modernen Vielfalt in der K\u00fcche und erholsamer Nat\u00fcrlichkeit in unserem Hotel.<br \/>\nErlebt Natur pur in unserem kleinen Tangendorf am Nordrand der L\u00fcneburger Heide, direkt vor den Toren der St\u00e4dte Hamburg, L\u00fcneburg, Buchholz und Winsen.<\/p>\n<p>Wir freuen uns auf ein Wiedersehen!<\/p>\n<p>Bleibt gesund,<br \/>\nEuer<\/p>\n<p>J\u00fcrgen Niehoff jr. mit Team<\/p>\n","protected":false},"excerpt":{"rendered":"<p>&nbsp; Liebe G\u00e4ste und Freunde, Herzlich Willkommen im Gasthof Vossbur am Nordrand der L\u00fcneburger Heide! Seit dem Jahre 1919 wird der Gasthof Vossbur von der Familie Niehoff mit Herzblut gef\u00fchrt und vereint traditionelle Gastlichkeit eines Familienbetriebes mit einer individuellen und modernen Vielfalt in der K\u00fcche und erholsamer Nat\u00fcrlichkeit in unserem Hotel. Erlebt Natur pur in [&hellip;]<\/p>\n","protected":false},"author":1,"featured_media":79,"parent":0,"menu_order":0,"comment_status":"closed","ping_status":"closed","template":"","meta":[],"translation":{"provider":"WPGlobus","version":"2.10.10","language":"en","enabled_languages":["de","en"],"languages":{"de":{"title":true,"content":true,"excerpt":false},"en":{"title":false,"content":false,"excerpt":false}}},"yoast_head":"<!-- This site is optimized with the Yoast SEO plugin v21.8.1 - https:\/\/yoast.com\/wordpress\/plugins\/seo\/ -->\n<title>Herzlich WILLKOMMEN! - Gasthof Vossbur<\/title>\n<meta name=\"robots\" content=\"index, follow, max-snippet:-1, max-image-preview:large, max-video-preview:-1\" \/>\n<link rel=\"canonical\" href=\"https:\/\/vossbur.de\/\" \/>\n<meta property=\"og:locale\" content=\"en_US\" \/>\n<meta property=\"og:type\" content=\"article\" \/>\n<meta property=\"og:title\" content=\"Herzlich WILLKOMMEN! - Gasthof Vossbur\" \/>\n<meta property=\"og:url\" content=\"https:\/\/vossbur.de\/\" \/>\n<meta property=\"og:site_name\" content=\"Gasthof Vossbur\" \/>\n<meta property=\"article:modified_time\" content=\"2024-02-05T20:05:08+00:00\" \/>\n<meta property=\"og:image\" content=\"https:\/\/vossbur.de\/wp-content\/uploads\/2015\/12\/startseite_vossbur.png\" \/>\n\t<meta property=\"og:image:width\" content=\"550\" \/>\n\t<meta property=\"og:image:height\" content=\"480\" \/>\n\t<meta property=\"og:image:type\" content=\"image\/png\" \/>\n<meta name=\"twitter:card\" content=\"summary_large_image\" \/>\n<meta name=\"twitter:label1\" content=\"Est. reading time\" \/>\n\t<meta name=\"twitter:data1\" content=\"1 minute\" \/>\n<script type=\"application\/ld+json\" class=\"yoast-schema-graph\">{\"@context\":\"https:\/\/schema.org\",\"@graph\":[{\"@type\":\"WebPage\",\"@id\":\"https:\/\/vossbur.de\/\",\"url\":\"https:\/\/vossbur.de\/\",\"name\":\"Herzlich WILLKOMMEN! - Gasthof Vossbur\",\"isPartOf\":{\"@id\":\"https:\/\/vossbur.de\/#website\"},\"datePublished\":\"2016-04-13T15:46:38+00:00\",\"dateModified\":\"2024-02-05T20:05:08+00:00\",\"breadcrumb\":{\"@id\":\"https:\/\/vossbur.de\/#breadcrumb\"},\"inLanguage\":\"en-US\",\"potentialAction\":[{\"@type\":\"ReadAction\",\"target\":[\"https:\/\/vossbur.de\/\"]}]},{\"@type\":\"BreadcrumbList\",\"@id\":\"https:\/\/vossbur.de\/#breadcrumb\",\"itemListElement\":[{\"@type\":\"ListItem\",\"position\":1,\"name\":\"Home\",\"item\":\"https:\/\/vossbur.de\/\"},{\"@type\":\"ListItem\",\"position\":2,\"name\":\"Herzlich WILLKOMMEN!\"}]},{\"@type\":\"WebSite\",\"@id\":\"https:\/\/vossbur.de\/#website\",\"url\":\"https:\/\/vossbur.de\/\",\"name\":\"Gasthof Vossbur\",\"description\":\"Our awesome Inn!\",\"potentialAction\":[{\"@type\":\"SearchAction\",\"target\":{\"@type\":\"EntryPoint\",\"urlTemplate\":\"https:\/\/vossbur.de\/?s={search_term_string}\"},\"query-input\":\"required name=search_term_string\"}],\"inLanguage\":\"en-US\"}]}<\/script>\n<!-- \/ Yoast SEO plugin. -->","yoast_head_json":{"title":"Herzlich WILLKOMMEN! - Gasthof Vossbur","robots":{"index":"index","follow":"follow","max-snippet":"max-snippet:-1","max-image-preview":"max-image-preview:large","max-video-preview":"max-video-preview:-1"},"canonical":"https:\/\/vossbur.de\/","og_locale":"en_US","og_type":"article","og_title":"Herzlich WILLKOMMEN! - Gasthof Vossbur","og_url":"https:\/\/vossbur.de\/","og_site_name":"Gasthof Vossbur","article_modified_time":"2024-02-05T20:05:08+00:00","og_image":[{"width":550,"height":480,"url":"https:\/\/vossbur.de\/wp-content\/uploads\/2015\/12\/startseite_vossbur.png","type":"image\/png"}],"twitter_card":"summary_large_image","twitter_misc":{"Est. reading time":"1 minute"},"schema":{"@context":"https:\/\/schema.org","@graph":[{"@type":"WebPage","@id":"https:\/\/vossbur.de\/","url":"https:\/\/vossbur.de\/","name":"Herzlich WILLKOMMEN! - Gasthof Vossbur","isPartOf":{"@id":"https:\/\/vossbur.de\/#website"},"datePublished":"2016-04-13T15:46:38+00:00","dateModified":"2024-02-05T20:05:08+00:00","breadcrumb":{"@id":"https:\/\/vossbur.de\/#breadcrumb"},"inLanguage":"en-US","potentialAction":[{"@type":"ReadAction","target":["https:\/\/vossbur.de\/"]}]},{"@type":"BreadcrumbList","@id":"https:\/\/vossbur.de\/#breadcrumb","itemListElement":[{"@type":"ListItem","position":1,"name":"Home","item":"https:\/\/vossbur.de\/"},{"@type":"ListItem","position":2,"name":"Herzlich WILLKOMMEN!"}]},{"@type":"WebSite","@id":"https:\/\/vossbur.de\/#website","url":"https:\/\/vossbur.de\/","name":"Gasthof Vossbur","description":"Our awesome Inn!","potentialAction":[{"@type":"SearchAction","target":{"@type":"EntryPoint","urlTemplate":"https:\/\/vossbur.de\/?s={search_term_string}"},"query-input":"required name=search_term_string"}],"inLanguage":"en-US"}]}},"_links":{"self":[{"href":"https:\/\/vossbur.de\/en\/wp-json\/wp\/v2\/pages\/479"}],"collection":[{"href":"https:\/\/vossbur.de\/en\/wp-json\/wp\/v2\/pages"}],"about":[{"href":"https:\/\/vossbur.de\/en\/wp-json\/wp\/v2\/types\/page"}],"author":[{"embeddable":true,"href":"https:\/\/vossbur.de\/en\/wp-json\/wp\/v2\/users\/1"}],"replies":[{"embeddable":true,"href":"https:\/\/vossbur.de\/en\/wp-json\/wp\/v2\/comments?post=479"}],"version-history":[{"count":141,"href":"https:\/\/vossbur.de\/en\/wp-json\/wp\/v2\/pages\/479\/revisions"}],"predecessor-version":[{"id":3539,"href":"https:\/\/vossbur.de\/en\/wp-json\/wp\/v2\/pages\/479\/revisions\/3539"}],"wp:featuredmedia":[{"embeddable":true,"href":"https:\/\/vossbur.de\/en\/wp-json\/wp\/v2\/media\/79"}],"wp:attachment":[{"href":"https:\/\/vossbur.de\/en\/wp-json\/wp\/v2\/media?parent=479"}],"curies":[{"name":"wp","href":"https:\/\/api.w.org\/{rel}","templated":true}]}}