{"id":790,"date":"2017-03-20T21:58:59","date_gmt":"2017-03-20T20:58:59","guid":{"rendered":"http:\/\/vossbur.n10.cloudware.de\/?page_id=790"},"modified":"2023-02-14T12:05:25","modified_gmt":"2023-02-14T11:05:25","slug":"karriere","status":"publish","type":"page","link":"https:\/\/vossbur.de\/en\/karriere\/","title":{"rendered":"Karriere"},"content":{"rendered":"<p>Wir suchen tatkr\u00e4ftige Unterst\u00fctzung f\u00fcr unser tolles Vossbur-Team. Und vielleicht finden wir ja genau DICH!<\/p>\n<p><strong> Voll- und Teilzeit im Service<\/strong><\/p>\n<p>&#8211; m\/w\/d<br \/>\n&#8211; Du hast Freude am Umgang mit G\u00e4sten, arbeitest<br \/>\ngerne im Team und auch an den Wochenenden \ud83d\ude42<br \/>\nDann freuen wir uns von Dir zu h\u00f6ren.<\/p>\n<p><strong>Aushilfe im Service:<\/strong><\/p>\n<p>&#8211; m\/w\/d<br \/>\n&#8211; Du bist in den Bereichen des Restaurants t\u00e4tig (Tresen, a la carte, Bankett)<br \/>\n&#8211; mit und ohne Berufserfahrung<br \/>\n&#8211; auch Sch\u00fcler*innen<\/p>\n<p><strong>Aushilfe \/ Voll- und Teilzeit im Abwasch<\/strong><\/p>\n<p>&#8211; m\/w\/d<br \/>\n&#8211; mit und ohne Berufserfahrung<\/p>\n<p>&nbsp;<\/p>\n<p>F\u00fchlst Du Dich angesprochen und bist neugierig geworden?<\/p>\n<p>Dann kontaktiere uns und hole Dir genauere Informationen!<\/p>\n<p>Tel. : 04173 513600<\/p>\n<p>E-Mail: info@vossbur.de<\/p>\n<p>Nat\u00fcrlich auch gerne per PN via Facebook oder Instagram.<\/p>\n<p>Deine Ansprechpartner sind J\u00fcrgen Niehoff jr. oder Nadine Niehoff.<\/p>\n<p>Wir freuen uns darauf, Dich kennenzulernen!<\/p>\n<h2>Azubis gesucht<\/h2>\n<h3>Koch (m\/w) &amp; Restaurantfach (m\/w)<\/h3>\n<p>Lust auf eine kreative, vielseitige Ausbildung? Bist du ein echtes Landei &amp; begeisterst dich f\u00fcr Gastlichkeit &amp; ein famili\u00e4res Team?<\/p>\n<h3>Deine Ausbildung als Restaurantfachmann\/-frau im Gasthof Vossbur<\/h3>\n<table>\n<tbody>\n<tr>\n<td><strong>Empfohlener Schulabschluss\u00a0 <\/strong><br \/>\nHauptschule<\/td>\n<td><strong>Ausbildungsdauer<\/strong><br \/>\n3 Jahre<\/td>\n<\/tr>\n<tr>\n<td colspan=\"2\"><strong>Arbeitszeiten<br \/>\n<\/strong>Schichtarbeitszeiten, 1 &#8211; 2 Tag Berufsschule\/Woche<\/td>\n<\/tr>\n<\/tbody>\n<\/table>\n<h3>Deine Ausbildung als Koch\/K\u00f6chin im Gasthof Vossbur<\/h3>\n<table>\n<tbody>\n<tr>\n<td><strong>Empfohlener Schulabschluss\u00a0 <\/strong><br \/>\nHauptschule<\/td>\n<td><strong>Ausbildungsdauer<\/strong><br \/>\n3 Jahre<\/td>\n<\/tr>\n<tr>\n<td colspan=\"2\"><strong>Arbeitszeiten<br \/>\n<\/strong>Schichtarbeitszeiten, 1 &#8211; 2 Tag Berufsschule\/Woche<\/td>\n<\/tr>\n<\/tbody>\n<\/table>\n<p>Willst du noch mehr wissen? Hier gibt\u00b4s Details zu den Ausbildungsberufen in der Gastronomie in Niedersachsen.<br \/>\n<a href=\"http:\/\/www.azubi-hotel-gastro.de\/\" target=\"_blank\" rel=\"noopener noreferrer\">Vorstellung der Ausbildungsberufe vom DEHOGA Niedersachsen<\/a><\/p>\n<p><strong>Bewirb dich jetzt f\u00fcr deinen Ausbildungsstart im August 2023\u00a0 im Gasthof Vossbur!<\/strong><br \/>\n<a href=\"mailto:info@vossbur.de\"><strong>info@vossbur.de <\/strong><\/a><\/p>\n\n\t\t<style type=\"text\/css\">\n\t\t\t#gallery-1 {\n\t\t\t\tmargin: auto;\n\t\t\t}\n\t\t\t#gallery-1 .gallery-item {\n\t\t\t\tfloat: left;\n\t\t\t\tmargin-top: 10px;\n\t\t\t\ttext-align: center;\n\t\t\t\twidth: 20%;\n\t\t\t}\n\t\t\t#gallery-1 img {\n\t\t\t\tborder: 2px solid #cfcfcf;\n\t\t\t}\n\t\t\t#gallery-1 .gallery-caption {\n\t\t\t\tmargin-left: 0;\n\t\t\t}\n\t\t\t\/* see gallery_shortcode() in wp-includes\/media.php *\/\n\t\t<\/style>\n\t\t<div id='gallery-1' class='gallery galleryid-790 gallery-columns-5 gallery-size-thumbnail'><dl class='gallery-item'>\n\t\t\t<dt class='gallery-icon landscape'>\n\t\t\t\t<a href='https:\/\/vossbur.de\/wp-content\/uploads\/2017\/03\/familie_vossbur.jpg'><img width=\"150\" height=\"150\" src=\"https:\/\/vossbur.de\/wp-content\/uploads\/2017\/03\/familie_vossbur-150x150.jpg\" class=\"attachment-thumbnail size-thumbnail\" alt=\"\" decoding=\"async\" loading=\"lazy\" \/><\/a>\n\t\t\t<\/dt><\/dl><dl class='gallery-item'>\n\t\t\t<dt class='gallery-icon landscape'>\n\t\t\t\t<a href='https:\/\/vossbur.de\/wp-content\/uploads\/2017\/03\/azubi_vossbur_koch.jpg'><img width=\"150\" height=\"150\" src=\"https:\/\/vossbur.de\/wp-content\/uploads\/2017\/03\/azubi_vossbur_koch-150x150.jpg\" class=\"attachment-thumbnail size-thumbnail\" alt=\"\" decoding=\"async\" loading=\"lazy\" \/><\/a>\n\t\t\t<\/dt><\/dl><dl class='gallery-item'>\n\t\t\t<dt class='gallery-icon landscape'>\n\t\t\t\t<a href='https:\/\/vossbur.de\/wp-content\/uploads\/2017\/03\/azubi_vossbur_restaurant.jpg'><img width=\"150\" height=\"150\" src=\"https:\/\/vossbur.de\/wp-content\/uploads\/2017\/03\/azubi_vossbur_restaurant-150x150.jpg\" class=\"attachment-thumbnail size-thumbnail\" alt=\"\" decoding=\"async\" loading=\"lazy\" \/><\/a>\n\t\t\t<\/dt><\/dl><dl class='gallery-item'>\n\t\t\t<dt class='gallery-icon landscape'>\n\t\t\t\t<a href='https:\/\/vossbur.de\/wp-content\/uploads\/2017\/03\/azubi_vossbur_service.jpg'><img width=\"150\" height=\"150\" src=\"https:\/\/vossbur.de\/wp-content\/uploads\/2017\/03\/azubi_vossbur_service-150x150.jpg\" class=\"attachment-thumbnail size-thumbnail\" alt=\"\" decoding=\"async\" loading=\"lazy\" \/><\/a>\n\t\t\t<\/dt><\/dl><dl class='gallery-item'>\n\t\t\t<dt class='gallery-icon landscape'>\n\t\t\t\t<a href='https:\/\/vossbur.de\/wp-content\/uploads\/2017\/03\/azubi_vossbur.jpg'><img width=\"150\" height=\"150\" src=\"https:\/\/vossbur.de\/wp-content\/uploads\/2017\/03\/azubi_vossbur-150x150.jpg\" class=\"attachment-thumbnail size-thumbnail\" alt=\"\" decoding=\"async\" loading=\"lazy\" \/><\/a>\n\t\t\t<\/dt><\/dl><br style=\"clear: both\" \/>\n\t\t<\/div>\n\n","protected":false},"excerpt":{"rendered":"<p>Jobs und Stellenangebote in Tangendorf bei Winsen Luhe in der L\u00fcneburger Heide.<br \/>\nDer Gasthof Vossbur bietet seinen G\u00e4sten traditionelle Gastlichkeit, moderne Vielfalt in der K\u00fcche und erholsame Nat\u00fcrlichkeit. <\/p>\n","protected":false},"author":3,"featured_media":0,"parent":0,"menu_order":0,"comment_status":"closed","ping_status":"closed","template":"","meta":[],"translation":{"provider":"WPGlobus","version":"2.10.10","language":"en","enabled_languages":["de","en"],"languages":{"de":{"title":true,"content":true,"excerpt":true},"en":{"title":false,"content":false,"excerpt":false}}},"yoast_head":"<!-- This site is optimized with the Yoast SEO plugin v21.8.1 - https:\/\/yoast.com\/wordpress\/plugins\/seo\/ -->\n<title>Karriere - Gasthof Vossbur<\/title>\n<meta name=\"robots\" content=\"index, follow, max-snippet:-1, max-image-preview:large, max-video-preview:-1\" \/>\n<link rel=\"canonical\" href=\"https:\/\/vossbur.de\/karriere\/\" \/>\n<meta property=\"og:locale\" content=\"en_US\" \/>\n<meta property=\"og:type\" content=\"article\" \/>\n<meta property=\"og:title\" content=\"Karriere - Gasthof Vossbur\" \/>\n<meta property=\"og:url\" content=\"https:\/\/vossbur.de\/karriere\/\" \/>\n<meta property=\"og:site_name\" content=\"Gasthof Vossbur\" \/>\n<meta property=\"article:modified_time\" content=\"2023-02-14T11:05:25+00:00\" \/>\n<meta property=\"og:image\" content=\"https:\/\/vossbur.de\/wp-content\/uploads\/2017\/03\/familie_vossbur-150x150.jpg\" \/>\n<meta name=\"twitter:card\" content=\"summary_large_image\" \/>\n<meta name=\"twitter:label1\" content=\"Est. reading time\" \/>\n\t<meta name=\"twitter:data1\" content=\"2 minutes\" \/>\n<script type=\"application\/ld+json\" class=\"yoast-schema-graph\">{\"@context\":\"https:\/\/schema.org\",\"@graph\":[{\"@type\":\"WebPage\",\"@id\":\"https:\/\/vossbur.de\/karriere\/\",\"url\":\"https:\/\/vossbur.de\/karriere\/\",\"name\":\"Karriere - Gasthof Vossbur\",\"isPartOf\":{\"@id\":\"https:\/\/vossbur.de\/#website\"},\"datePublished\":\"2017-03-20T20:58:59+00:00\",\"dateModified\":\"2023-02-14T11:05:25+00:00\",\"breadcrumb\":{\"@id\":\"https:\/\/vossbur.de\/karriere\/#breadcrumb\"},\"inLanguage\":\"en-US\",\"potentialAction\":[{\"@type\":\"ReadAction\",\"target\":[\"https:\/\/vossbur.de\/karriere\/\"]}]},{\"@type\":\"BreadcrumbList\",\"@id\":\"https:\/\/vossbur.de\/karriere\/#breadcrumb\",\"itemListElement\":[{\"@type\":\"ListItem\",\"position\":1,\"name\":\"Home\",\"item\":\"https:\/\/vossbur.de\/\"},{\"@type\":\"ListItem\",\"position\":2,\"name\":\"Karriere\"}]},{\"@type\":\"WebSite\",\"@id\":\"https:\/\/vossbur.de\/#website\",\"url\":\"https:\/\/vossbur.de\/\",\"name\":\"Gasthof Vossbur\",\"description\":\"Our awesome Inn!\",\"potentialAction\":[{\"@type\":\"SearchAction\",\"target\":{\"@type\":\"EntryPoint\",\"urlTemplate\":\"https:\/\/vossbur.de\/?s={search_term_string}\"},\"query-input\":\"required name=search_term_string\"}],\"inLanguage\":\"en-US\"}]}<\/script>\n<!-- \/ Yoast SEO plugin. -->","yoast_head_json":{"title":"Karriere - Gasthof Vossbur","robots":{"index":"index","follow":"follow","max-snippet":"max-snippet:-1","max-image-preview":"max-image-preview:large","max-video-preview":"max-video-preview:-1"},"canonical":"https:\/\/vossbur.de\/karriere\/","og_locale":"en_US","og_type":"article","og_title":"Karriere - Gasthof Vossbur","og_url":"https:\/\/vossbur.de\/karriere\/","og_site_name":"Gasthof Vossbur","article_modified_time":"2023-02-14T11:05:25+00:00","og_image":[{"url":"https:\/\/vossbur.de\/wp-content\/uploads\/2017\/03\/familie_vossbur-150x150.jpg"}],"twitter_card":"summary_large_image","twitter_misc":{"Est. reading time":"2 minutes"},"schema":{"@context":"https:\/\/schema.org","@graph":[{"@type":"WebPage","@id":"https:\/\/vossbur.de\/karriere\/","url":"https:\/\/vossbur.de\/karriere\/","name":"Karriere - Gasthof Vossbur","isPartOf":{"@id":"https:\/\/vossbur.de\/#website"},"datePublished":"2017-03-20T20:58:59+00:00","dateModified":"2023-02-14T11:05:25+00:00","breadcrumb":{"@id":"https:\/\/vossbur.de\/karriere\/#breadcrumb"},"inLanguage":"en-US","potentialAction":[{"@type":"ReadAction","target":["https:\/\/vossbur.de\/karriere\/"]}]},{"@type":"BreadcrumbList","@id":"https:\/\/vossbur.de\/karriere\/#breadcrumb","itemListElement":[{"@type":"ListItem","position":1,"name":"Home","item":"https:\/\/vossbur.de\/"},{"@type":"ListItem","position":2,"name":"Karriere"}]},{"@type":"WebSite","@id":"https:\/\/vossbur.de\/#website","url":"https:\/\/vossbur.de\/","name":"Gasthof Vossbur","description":"Our awesome Inn!","potentialAction":[{"@type":"SearchAction","target":{"@type":"EntryPoint","urlTemplate":"https:\/\/vossbur.de\/?s={search_term_string}"},"query-input":"required name=search_term_string"}],"inLanguage":"en-US"}]}},"_links":{"self":[{"href":"https:\/\/vossbur.de\/en\/wp-json\/wp\/v2\/pages\/790"}],"collection":[{"href":"https:\/\/vossbur.de\/en\/wp-json\/wp\/v2\/pages"}],"about":[{"href":"https:\/\/vossbur.de\/en\/wp-json\/wp\/v2\/types\/page"}],"author":[{"embeddable":true,"href":"https:\/\/vossbur.de\/en\/wp-json\/wp\/v2\/users\/3"}],"replies":[{"embeddable":true,"href":"https:\/\/vossbur.de\/en\/wp-json\/wp\/v2\/comments?post=790"}],"version-history":[{"count":40,"href":"https:\/\/vossbur.de\/en\/wp-json\/wp\/v2\/pages\/790\/revisions"}],"predecessor-version":[{"id":2697,"href":"https:\/\/vossbur.de\/en\/wp-json\/wp\/v2\/pages\/790\/revisions\/2697"}],"wp:attachment":[{"href":"https:\/\/vossbur.de\/en\/wp-json\/wp\/v2\/media?parent=790"}],"curies":[{"name":"wp","href":"https:\/\/api.w.org\/{rel}","templated":true}]}}