{"id":894,"date":"2017-11-01T16:32:45","date_gmt":"2017-11-01T15:32:45","guid":{"rendered":"http:\/\/vossbur.n10.cloudware.de\/?page_id=894"},"modified":"2025-05-13T12:02:36","modified_gmt":"2025-05-13T10:02:36","slug":"gutschein","status":"publish","type":"page","link":"https:\/\/vossbur.de\/en\/gutschein\/","title":{"rendered":"Gutschein"},"content":{"rendered":"<h2>Voucher inquest<\/h2>\n\n<div class=\"wpcf7 no-js\" id=\"wpcf7-f888-o1\" lang=\"de-DE\" dir=\"ltr\">\n<div class=\"screen-reader-response\"><p role=\"status\" aria-live=\"polite\" aria-atomic=\"true\"><\/p> <ul><\/ul><\/div>\n<form action=\"\/en\/wp-json\/wp\/v2\/pages\/894#wpcf7-f888-o1\" method=\"post\" class=\"wpcf7-form init\" aria-label=\"Kontaktformular\" novalidate=\"novalidate\" data-status=\"init\">\n<div style=\"display: none;\">\n<input type=\"hidden\" name=\"_wpcf7\" value=\"888\" \/>\n<input type=\"hidden\" name=\"_wpcf7_version\" value=\"5.8.7\" \/>\n<input type=\"hidden\" name=\"_wpcf7_locale\" value=\"de_DE\" \/>\n<input type=\"hidden\" name=\"_wpcf7_unit_tag\" value=\"wpcf7-f888-o1\" \/>\n<input type=\"hidden\" name=\"_wpcf7_container_post\" value=\"0\" \/>\n<input type=\"hidden\" name=\"_wpcf7_posted_data_hash\" value=\"\" \/>\n<\/div>\n<style>\n#wpcf7-f888-p894-o1 .uk-width-medium-1-2 > div {\nmargin-bottom: 25px;\n}\n#wpcf7-f888-p894-o1 label {\ndisplay: inline-block;\nmargin-right: 10px;\nmargin-left: 5px;\n}\n#wpcf7-f888-p894-o1 .labelwidth label {\nwidth: 90px;\nline-height: 2;\n}\n#wpcf7-f888-p894-o1 label span {\ncolor: #009345;\n}\n#wpcf7-f888-p894-o1 .wpcf7-list-item {\ndisplay: block;\n}\n#wpcf7-f888-p894-o1 hr {\nwidth: 100%;\nmargin: 15px 0 35px 0;\n}\n#wpcf7-f888-p894-o1 .gs-wert {\nposition: relative;\ndisplay: inline-block;\n}\n#wpcf7-f888-p894-o1 .gs-euro {\nfont-size: 28px;\nposition: absolute;\nright: -25px;\ntop: 0;\nline-height: 1.1\n}\n<\/style>\n<div class=\"uk-grid\">\n\t<div class=\"uk-width-medium-1-2\">\n\t\t<div>\n\t\t\t<p><label>Wert des Gutscheins<span>*<\/span><\/label>\n\t\t\t<\/p>\n\t\t\t<div class=\"gs-wert\">\n\t\t\t\t<p><span class=\"wpcf7-form-control-wrap\" data-name=\"gs-gutscheinwert\"><input class=\"wpcf7-form-control wpcf7-number wpcf7-validates-as-required wpcf7-validates-as-number\" aria-required=\"true\" aria-invalid=\"false\" value=\"\" type=\"number\" name=\"gs-gutscheinwert\" \/><\/span>\n\t\t\t\t<\/p>\n\t\t\t\t<div class=\"gs-euro\">\n\t\t\t\t\t<p>\u20ac\n\t\t\t\t\t<\/p>\n\t\t\t\t<\/div>\n\t\t\t<\/div>\n\t\t<\/div>\n\t<\/div>\n\t<div class=\"uk-width-medium-1-2\">\n\t\t<div>\n\t\t\t<p><label>Gutscheinempf\u00e4nger<span><\/span><\/label><span class=\"wpcf7-form-control-wrap\" data-name=\"gs-empfaenger\"><input size=\"40\" class=\"wpcf7-form-control wpcf7-text\" aria-invalid=\"false\" value=\"\" type=\"text\" name=\"gs-empfaenger\" \/><\/span>\n\t\t\t<\/p>\n\t\t<\/div>\n\t<\/div>\n<\/div>\n<hr \/>\n<div class=\"uk-grid\">\n\t<div class=\"uk-width-medium-1-2 labelwidth\">\n\t\t<div>\n\t\t\t<p><label>Vorname<span><\/span><\/label><span class=\"wpcf7-form-control-wrap\" data-name=\"gs-vorname\"><input size=\"40\" class=\"wpcf7-form-control wpcf7-text\" aria-invalid=\"false\" value=\"\" type=\"text\" name=\"gs-vorname\" \/><\/span>\n\t\t\t<\/p>\n\t\t<\/div>\n\t\t<div>\n\t\t\t<p><label>Nachname<span><\/span><\/label><span class=\"wpcf7-form-control-wrap\" data-name=\"gs-nachname\"><input size=\"40\" class=\"wpcf7-form-control wpcf7-text\" aria-invalid=\"false\" value=\"\" type=\"text\" name=\"gs-nachname\" \/><\/span>\n\t\t\t<\/p>\n\t\t<\/div>\n\t\t<div>\n\t\t\t<p><label>Stra\u00dfe\/nr.<span><\/span><\/label><span class=\"wpcf7-form-control-wrap\" data-name=\"gs-strasse\"><input size=\"40\" class=\"wpcf7-form-control wpcf7-text\" aria-invalid=\"false\" value=\"\" type=\"text\" name=\"gs-strasse\" \/><\/span>\n\t\t\t<\/p>\n\t\t<\/div>\n\t\t<div>\n\t\t\t<p><label>PLZ<span><\/span><\/label><span class=\"wpcf7-form-control-wrap\" data-name=\"gs-plz\"><input size=\"40\" class=\"wpcf7-form-control wpcf7-text\" aria-invalid=\"false\" value=\"\" type=\"text\" name=\"gs-plz\" \/><\/span>\n\t\t\t<\/p>\n\t\t<\/div>\n\t\t<div>\n\t\t\t<p><label>Ort<span><\/span><\/label><span class=\"wpcf7-form-control-wrap\" data-name=\"gs-ort\"><input size=\"40\" class=\"wpcf7-form-control wpcf7-text\" aria-invalid=\"false\" value=\"\" type=\"text\" name=\"gs-ort\" \/><\/span>\n\t\t\t<\/p>\n\t\t<\/div>\n\t\t<div>\n\t\t\t<p><label>E-Mail<span>*<\/span><\/label><span class=\"wpcf7-form-control-wrap\" data-name=\"gs-email\"><input size=\"40\" class=\"wpcf7-form-control wpcf7-email wpcf7-validates-as-required wpcf7-text wpcf7-validates-as-email\" aria-required=\"true\" aria-invalid=\"false\" value=\"\" type=\"email\" name=\"gs-email\" \/><\/span>\n\t\t\t<\/p>\n\t\t<\/div>\n\t\t<div>\n\t\t\t<p><label>Telefon<\/label><span class=\"wpcf7-form-control-wrap\" data-name=\"gs-telefon\"><input size=\"40\" class=\"wpcf7-form-control wpcf7-tel wpcf7-text wpcf7-validates-as-tel\" aria-invalid=\"false\" value=\"\" type=\"tel\" name=\"gs-telefon\" \/><\/span>\n\t\t\t<\/p>\n\t\t<\/div>\n\t<\/div>\n\t<div class=\"uk-width-medium-1-2\">\n\t\t<div>\n\t\t\t<p><label>Zahlungsweise<span><\/span><\/label><br \/>\n<span class=\"wpcf7-form-control-wrap\" data-name=\"gs-zahlungsweise\"><span class=\"wpcf7-form-control wpcf7-radio\"><span class=\"wpcf7-list-item first\"><input type=\"radio\" name=\"gs-zahlungsweise\" value=\"Sie \u00fcberweisen den Gutscheinbetrag im Voraus auf unser Konto: IBAN DE77 2006 9989 0042 250 905 - BIC GENODEF1WUL\" checked=\"checked\" \/><span class=\"wpcf7-list-item-label\">Sie \u00fcberweisen den Gutscheinbetrag im Voraus auf unser Konto: IBAN DE77 2006 9989 0042 250 905 - BIC GENODEF1WUL<\/span><\/span><span class=\"wpcf7-list-item last\"><input type=\"radio\" name=\"gs-zahlungsweise\" value=\"Bezahlung bei Abholung vor Ort.\" \/><span class=\"wpcf7-list-item-label\">Bezahlung bei Abholung vor Ort.<\/span><\/span><\/span><\/span>\n\t\t\t<\/p>\n\t\t<\/div>\n\t\t<div>\n\t\t\t<p><label>Lieferart<span><\/span><\/label><span class=\"wpcf7-form-control-wrap\" data-name=\"gs-lieferart\"><span class=\"wpcf7-form-control wpcf7-radio\"><span class=\"wpcf7-list-item first\"><input type=\"radio\" name=\"gs-lieferart\" value=\"Abholung vor Ort\" checked=\"checked\" \/><span class=\"wpcf7-list-item-label\">Abholung vor Ort<\/span><\/span><span class=\"wpcf7-list-item last\"><input type=\"radio\" name=\"gs-lieferart\" value=\"Versand per Post (zzgl. 0,90 \u20ac)\" \/><span class=\"wpcf7-list-item-label\">Versand per Post (zzgl. 0,90 \u20ac)<\/span><\/span><\/span><\/span>\n\t\t\t<\/p>\n\t\t<\/div>\n\t\t<div>\n\t\t\t<p>Bemerkung\n\t\t\t<\/p>\n\t\t\t<p><span class=\"wpcf7-form-control-wrap\" data-name=\"gs-bemerkung\"><textarea cols=\"40\" rows=\"10\" class=\"wpcf7-form-control wpcf7-textarea\" aria-invalid=\"false\" name=\"gs-bemerkung\"><\/textarea><\/span>\n\t\t\t<\/p>\n\t\t<\/div>\n\t\t<div>\n\t\t\t<p><label>Datenschutz<span>*<\/span><\/label><br \/>\n<span class=\"wpcf7-form-control-wrap\" data-name=\"datenschutz\"><span class=\"wpcf7-form-control wpcf7-acceptance\"><span class=\"wpcf7-list-item\"><input type=\"checkbox\" name=\"datenschutz\" value=\"1\" aria-invalid=\"false\" \/><\/span><\/span><\/span> Ich stimme zu, dass meine Angaben aus dem Kontaktformular zur Beantwortung meiner Anfrage erhoben und verarbeitet werden. Die Daten werden nach abgeschlossener Bearbeitung der Anfrage gel\u00f6scht. Hinweis: Sie k\u00f6nnen Ihre Einwilligung jederzeit f\u00fcr die Zukunft per E-Mail an <a href=\"mailto:info@vossbur.de\">info@vossbur.de<\/a> widerrufen. Detaillierte Informationen zum Umgang mit Nutzerdaten finden Sie in unserer<br \/>\n<a href=\"\/datenschutz\/\">Datenschutzbedingungen<\/a>.\n\t\t\t<\/p>\n\t\t<\/div>\n\t\t<div>\n\t\t\t<p><span class=\"wpcf7-form-control-wrap kc_captcha\" data-name=\"kc_captcha\"><span class=\"wpcf7-form-control wpcf7-radio\"><span class=\"captcha-image\" ><span class=\"cf7ic_instructions\">Bitte beweisen Sie, dass Sie ein Mensch sind und w\u00e4hlen Sie<span> den LKW<\/span> aus.<\/span><label><input aria-label=\"1\" type=\"radio\" name=\"kc_captcha\" value=\"bot\" \/><svg aria-hidden=\"true\" role=\"img\" xmlns=\"http:\/\/www.w3.org\/2000\/svg\" viewBox=\"0 0 512 512\"><path fill=\"currentColor\" d=\"M350 99c-54 0-98-35-166-35-25 0-47 4-68 12a56 56 0 004-24C118 24 95 1 66 0a56 56 0 00-34 102v386c0 13 11 24 24 24h16c13 0 24-11 24-24v-94c28-12 64-23 114-23 54 0 98 35 166 35 48 0 86-16 122-41 9-6 14-15 14-26V96c0-23-24-39-45-29-35 16-77 32-117 32z\"\/><\/svg><\/label><label><input aria-label=\"2\" type=\"radio\" name=\"kc_captcha\" value=\"kc_human\" \/><svg aria-hidden=\"true\" role=\"img\" xmlns=\"http:\/\/www.w3.org\/2000\/svg\" viewBox=\"0 0 640 512\"><path fill=\"currentColor\" d=\"M624 352h-16V244c0-13-5-25-14-34L494 110c-9-9-21-14-34-14h-44V48c0-26-21-48-48-48H48C22 0 0 22 0 48v320c0 27 22 48 48 48h16a96 96 0 00192 0h128a96 96 0 00192 0h48c9 0 16-7 16-16v-32c0-9-7-16-16-16zM160 464a48 48 0 110-96 48 48 0 010 96zm320 0a48 48 0 110-96 48 48 0 010 96zm80-208H416V144h44l100 100v12z\"\/><\/svg><\/label><label><input aria-label=\"3\" type=\"radio\" name=\"kc_captcha\" value=\"bot\" \/><svg aria-hidden=\"true\" role=\"img\" xmlns=\"http:\/\/www.w3.org\/2000\/svg\" viewBox=\"0 0 576 512\"><path fill=\"currentColor\" d=\"M472 200H360L256 6a12 12 0 00-10-6h-58c-8 0-14 7-12 15l34 185H100l-35-58a12 12 0 00-10-6H12c-8 0-13 7-12 14l21 106L0 362c-1 7 4 14 12 14h43c4 0 8-2 10-6l35-58h110l-34 185c-2 8 4 15 12 15h58a12 12 0 0010-6l104-194h112c57 0 104-25 104-56s-47-56-104-56z\"\/><\/svg><\/label>\r\n    <\/span>\r\n    <span style=\"display:none\">\r\n        <input type=\"text\" name=\"kc_honeypot\">\r\n    <\/span><\/span><\/span>\n\t\t\t<\/p>\n\t\t<\/div>\n\t<\/div>\n<\/div>\n<div class=\"uk-width-medium-1-1 uk-text-center\">\n\t<p><input class=\"wpcf7-form-control wpcf7-submit has-spinner\" type=\"submit\" value=\"Gutschein anfragen\" \/>\n\t<\/p>\n<\/div><input type='hidden' class='wpcf7-pum' value='{\"closepopup\":false,\"closedelay\":0,\"openpopup\":false,\"openpopup_id\":0}' \/><div class=\"wpcf7-response-output\" aria-hidden=\"true\"><\/div>\n<\/form>\n<\/div>\n\n","protected":false},"excerpt":{"rendered":"<p>Get a voucher from Vossbur as a special gift. Request your personal voucher with the following form. After the receipt of your request we will contact you for the next steps.<\/p>\n","protected":false},"author":1,"featured_media":0,"parent":0,"menu_order":0,"comment_status":"closed","ping_status":"closed","template":"","meta":[],"translation":{"provider":"WPGlobus","version":"2.10.10","language":"en","enabled_languages":["de","en"],"languages":{"de":{"title":true,"content":true,"excerpt":true},"en":{"title":false,"content":true,"excerpt":true}}},"yoast_head":"<!-- This site is optimized with the Yoast SEO plugin v21.8.1 - https:\/\/yoast.com\/wordpress\/plugins\/seo\/ -->\n<title>Gutschein - Gasthof Vossbur<\/title>\n<meta name=\"robots\" content=\"index, follow, max-snippet:-1, max-image-preview:large, max-video-preview:-1\" \/>\n<link rel=\"canonical\" href=\"https:\/\/vossbur.de\/gutschein\/\" \/>\n<meta property=\"og:locale\" content=\"en_US\" \/>\n<meta property=\"og:type\" content=\"article\" \/>\n<meta property=\"og:title\" content=\"Gutschein - Gasthof Vossbur\" \/>\n<meta property=\"og:url\" content=\"https:\/\/vossbur.de\/gutschein\/\" \/>\n<meta property=\"og:site_name\" content=\"Gasthof Vossbur\" \/>\n<meta property=\"article:modified_time\" content=\"2025-05-13T10:02:36+00:00\" \/>\n<meta name=\"twitter:card\" content=\"summary_large_image\" \/>\n<meta name=\"twitter:label1\" content=\"Est. reading time\" \/>\n\t<meta name=\"twitter:data1\" content=\"1 minute\" \/>\n<script type=\"application\/ld+json\" class=\"yoast-schema-graph\">{\"@context\":\"https:\/\/schema.org\",\"@graph\":[{\"@type\":\"WebPage\",\"@id\":\"https:\/\/vossbur.de\/gutschein\/\",\"url\":\"https:\/\/vossbur.de\/gutschein\/\",\"name\":\"Gutschein - Gasthof Vossbur\",\"isPartOf\":{\"@id\":\"https:\/\/vossbur.de\/#website\"},\"datePublished\":\"2017-11-01T15:32:45+00:00\",\"dateModified\":\"2025-05-13T10:02:36+00:00\",\"breadcrumb\":{\"@id\":\"https:\/\/vossbur.de\/gutschein\/#breadcrumb\"},\"inLanguage\":\"en-US\",\"potentialAction\":[{\"@type\":\"ReadAction\",\"target\":[\"https:\/\/vossbur.de\/gutschein\/\"]}]},{\"@type\":\"BreadcrumbList\",\"@id\":\"https:\/\/vossbur.de\/gutschein\/#breadcrumb\",\"itemListElement\":[{\"@type\":\"ListItem\",\"position\":1,\"name\":\"Home\",\"item\":\"https:\/\/vossbur.de\/\"},{\"@type\":\"ListItem\",\"position\":2,\"name\":\"Gutschein\"}]},{\"@type\":\"WebSite\",\"@id\":\"https:\/\/vossbur.de\/#website\",\"url\":\"https:\/\/vossbur.de\/\",\"name\":\"Gasthof Vossbur\",\"description\":\"Our awesome Inn!\",\"potentialAction\":[{\"@type\":\"SearchAction\",\"target\":{\"@type\":\"EntryPoint\",\"urlTemplate\":\"https:\/\/vossbur.de\/?s={search_term_string}\"},\"query-input\":\"required name=search_term_string\"}],\"inLanguage\":\"en-US\"}]}<\/script>\n<!-- \/ Yoast SEO plugin. -->","yoast_head_json":{"title":"Gutschein - Gasthof Vossbur","robots":{"index":"index","follow":"follow","max-snippet":"max-snippet:-1","max-image-preview":"max-image-preview:large","max-video-preview":"max-video-preview:-1"},"canonical":"https:\/\/vossbur.de\/gutschein\/","og_locale":"en_US","og_type":"article","og_title":"Gutschein - Gasthof Vossbur","og_url":"https:\/\/vossbur.de\/gutschein\/","og_site_name":"Gasthof Vossbur","article_modified_time":"2025-05-13T10:02:36+00:00","twitter_card":"summary_large_image","twitter_misc":{"Est. reading time":"1 minute"},"schema":{"@context":"https:\/\/schema.org","@graph":[{"@type":"WebPage","@id":"https:\/\/vossbur.de\/gutschein\/","url":"https:\/\/vossbur.de\/gutschein\/","name":"Gutschein - Gasthof Vossbur","isPartOf":{"@id":"https:\/\/vossbur.de\/#website"},"datePublished":"2017-11-01T15:32:45+00:00","dateModified":"2025-05-13T10:02:36+00:00","breadcrumb":{"@id":"https:\/\/vossbur.de\/gutschein\/#breadcrumb"},"inLanguage":"en-US","potentialAction":[{"@type":"ReadAction","target":["https:\/\/vossbur.de\/gutschein\/"]}]},{"@type":"BreadcrumbList","@id":"https:\/\/vossbur.de\/gutschein\/#breadcrumb","itemListElement":[{"@type":"ListItem","position":1,"name":"Home","item":"https:\/\/vossbur.de\/"},{"@type":"ListItem","position":2,"name":"Gutschein"}]},{"@type":"WebSite","@id":"https:\/\/vossbur.de\/#website","url":"https:\/\/vossbur.de\/","name":"Gasthof Vossbur","description":"Our awesome Inn!","potentialAction":[{"@type":"SearchAction","target":{"@type":"EntryPoint","urlTemplate":"https:\/\/vossbur.de\/?s={search_term_string}"},"query-input":"required name=search_term_string"}],"inLanguage":"en-US"}]}},"_links":{"self":[{"href":"https:\/\/vossbur.de\/en\/wp-json\/wp\/v2\/pages\/894"}],"collection":[{"href":"https:\/\/vossbur.de\/en\/wp-json\/wp\/v2\/pages"}],"about":[{"href":"https:\/\/vossbur.de\/en\/wp-json\/wp\/v2\/types\/page"}],"author":[{"embeddable":true,"href":"https:\/\/vossbur.de\/en\/wp-json\/wp\/v2\/users\/1"}],"replies":[{"embeddable":true,"href":"https:\/\/vossbur.de\/en\/wp-json\/wp\/v2\/comments?post=894"}],"version-history":[{"count":48,"href":"https:\/\/vossbur.de\/en\/wp-json\/wp\/v2\/pages\/894\/revisions"}],"predecessor-version":[{"id":3352,"href":"https:\/\/vossbur.de\/en\/wp-json\/wp\/v2\/pages\/894\/revisions\/3352"}],"wp:attachment":[{"href":"https:\/\/vossbur.de\/en\/wp-json\/wp\/v2\/media?parent=894"}],"curies":[{"name":"wp","href":"https:\/\/api.w.org\/{rel}","templated":true}]}}